{"id":1657,"date":"2025-01-30T16:43:10","date_gmt":"2025-01-30T15:43:10","guid":{"rendered":"http:\/\/www.silocompany.com\/contacto\/"},"modified":"2025-03-13T17:48:49","modified_gmt":"2025-03-13T16:48:49","slug":"contact","status":"publish","type":"page","link":"https:\/\/www.silocompany.com\/en\/contact\/","title":{"rendered":"Contact"},"content":{"rendered":"\t\t<div data-elementor-type=\"wp-page\" data-elementor-id=\"1657\" class=\"elementor elementor-1657 elementor-270\" data-elementor-post-type=\"page\">\n\t\t\t\t<div class=\"elementor-element elementor-element-1c69f58 e-con-full e-flex e-con e-parent\" data-id=\"1c69f58\" data-element_type=\"container\" data-e-type=\"container\" data-settings=\"{&quot;background_background&quot;:&quot;classic&quot;}\">\n\t\t\t\t<\/div>\n\t\t<div class=\"elementor-element elementor-element-8c75b06 e-con-full e-flex e-con e-parent\" data-id=\"8c75b06\" data-element_type=\"container\" data-e-type=\"container\">\n\t\t\t\t<div class=\"elementor-element elementor-element-a1f6ea1 elementor-widget__width-initial elementor-widget elementor-widget-heading\" data-id=\"a1f6ea1\" data-element_type=\"widget\" data-e-type=\"widget\" data-widget_type=\"heading.default\">\n\t\t\t\t<div class=\"elementor-widget-container\">\n\t\t\t\t\t<h1 class=\"elementor-heading-title elementor-size-default\">Our Offices<\/h1>\t\t\t\t<\/div>\n\t\t\t\t<\/div>\n\t\t\t\t<div class=\"elementor-element elementor-element-dde4ee9 elementor-widget__width-initial elementor-widget-mobile__width-inherit elementor-widget elementor-widget-text-editor\" data-id=\"dde4ee9\" data-element_type=\"widget\" data-e-type=\"widget\" data-widget_type=\"text-editor.default\">\n\t\t\t\t<div class=\"elementor-widget-container\">\n\t\t\t\t\t\t\t\t\t<p>SILO is a consulting company specialized <span data-olk-copy-source=\"MessageBody\">in the field of Research and Innovation (R&amp;I)<\/span>\u00a0and business development in technological sectors, based in Madrid. The high-level public-private experience of the management team allows us to design, implement, manage, and evaluate tailor-made solutions for all agents in the innovation ecosystem.<\/p>\t\t\t\t\t\t\t\t<\/div>\n\t\t\t\t<\/div>\n\t\t\t\t<div class=\"elementor-element elementor-element-f13f74d elementor-widget__width-initial elementor-widget-mobile__width-inherit elementor-widget elementor-widget-text-editor\" data-id=\"f13f74d\" data-element_type=\"widget\" data-e-type=\"widget\" data-widget_type=\"text-editor.default\">\n\t\t\t\t<div class=\"elementor-widget-container\">\n\t\t\t\t\t\t\t\t\tSILO has unique knowledge of the health and biotechnology sectors, which enables us to work with hospitals, administrations, and innovative companies in the biotechnology, pharmaceutical, and health technology sectors.\n\n\n\n\n\n\n\n\t\t\t\t\t\t\t\t<\/div>\n\t\t\t\t<\/div>\n\t\t\t\t<\/div>\n\t\t\t\t<\/div>\n\t\t","protected":false},"excerpt":{"rendered":"<p>Our Offices SILO is a consulting company specialized in the field of Research and Innovation (R&amp;I)\u00a0and business development in technological sectors, based in Madrid. The high-level public-private experience of the management team allows us to design, implement, manage, and evaluate tailor-made solutions for all agents in the innovation ecosystem. SILO has unique knowledge of the [&hellip;]<\/p>\n","protected":false},"author":1,"featured_media":2613,"parent":0,"menu_order":0,"comment_status":"closed","ping_status":"closed","template":"elementor_header_footer","meta":{"footnotes":""},"class_list":["post-1657","page","type-page","status-publish","has-post-thumbnail","hentry"],"yoast_head":"<!-- This site is optimized with the Yoast SEO plugin v27.5 - https:\/\/yoast.com\/product\/yoast-seo-wordpress\/ -->\n<title>Contact | Silo Company<\/title>\n<meta name=\"description\" content=\"A firm specialising in public-private partnerships to innovate and transform organisations. Discover our contact!\" \/>\n<meta name=\"robots\" content=\"index, follow, max-snippet:-1, max-image-preview:large, max-video-preview:-1\" \/>\n<link rel=\"canonical\" href=\"https:\/\/www.silocompany.com\/en\/contact\/\" \/>\n<meta property=\"og:locale\" content=\"en_US\" \/>\n<meta property=\"og:type\" content=\"article\" \/>\n<meta property=\"og:title\" content=\"Contact\" \/>\n<meta property=\"og:description\" content=\"A firm specialising in public-private partnerships to innovate and transform organisations. Discover our contact!\" \/>\n<meta property=\"og:url\" content=\"https:\/\/www.silocompany.com\/en\/contact\/\" \/>\n<meta property=\"og:site_name\" content=\"Silo Company\" \/>\n<meta property=\"article:modified_time\" content=\"2025-03-13T16:48:49+00:00\" \/>\n<meta property=\"og:image\" content=\"https:\/\/www.silocompany.com\/wp-content\/uploads\/2025\/03\/SEOSILO1741881521.jpg\" \/>\n\t<meta property=\"og:image:width\" content=\"2400\" \/>\n\t<meta property=\"og:image:height\" content=\"1254\" \/>\n\t<meta property=\"og:image:type\" content=\"image\/jpeg\" \/>\n<meta name=\"twitter:card\" content=\"summary_large_image\" \/>\n<meta name=\"twitter:title\" content=\"Contact\" \/>\n<meta name=\"twitter:description\" content=\"A firm specialising in public-private partnerships to innovate and transform organisations. Discover our contact!\" \/>\n<meta name=\"twitter:image\" content=\"https:\/\/www.silocompany.com\/wp-content\/uploads\/2025\/03\/SEOSILO1741881521.jpg\" \/>\n<meta name=\"twitter:label1\" content=\"Est. reading time\" \/>\n\t<meta name=\"twitter:data1\" content=\"1 minute\" \/>\n<script type=\"application\/ld+json\" class=\"yoast-schema-graph\">{\"@context\":\"https:\\\/\\\/schema.org\",\"@graph\":[{\"@type\":\"WebPage\",\"@id\":\"https:\\\/\\\/www.silocompany.com\\\/en\\\/contact\\\/\",\"url\":\"https:\\\/\\\/www.silocompany.com\\\/en\\\/contact\\\/\",\"name\":\"Contact | Silo Company\",\"isPartOf\":{\"@id\":\"https:\\\/\\\/www.silocompany.com\\\/#website\"},\"primaryImageOfPage\":{\"@id\":\"https:\\\/\\\/www.silocompany.com\\\/en\\\/contact\\\/#primaryimage\"},\"image\":{\"@id\":\"https:\\\/\\\/www.silocompany.com\\\/en\\\/contact\\\/#primaryimage\"},\"thumbnailUrl\":\"https:\\\/\\\/www.silocompany.com\\\/wp-content\\\/uploads\\\/2025\\\/03\\\/SEOSILO1741881521.jpg\",\"datePublished\":\"2025-01-30T15:43:10+00:00\",\"dateModified\":\"2025-03-13T16:48:49+00:00\",\"description\":\"A firm specialising in public-private partnerships to innovate and transform organisations. Discover our contact!\",\"breadcrumb\":{\"@id\":\"https:\\\/\\\/www.silocompany.com\\\/en\\\/contact\\\/#breadcrumb\"},\"inLanguage\":\"en-US\",\"potentialAction\":[{\"@type\":\"ReadAction\",\"target\":[\"https:\\\/\\\/www.silocompany.com\\\/en\\\/contact\\\/\"]}]},{\"@type\":\"ImageObject\",\"inLanguage\":\"en-US\",\"@id\":\"https:\\\/\\\/www.silocompany.com\\\/en\\\/contact\\\/#primaryimage\",\"url\":\"https:\\\/\\\/www.silocompany.com\\\/wp-content\\\/uploads\\\/2025\\\/03\\\/SEOSILO1741881521.jpg\",\"contentUrl\":\"https:\\\/\\\/www.silocompany.com\\\/wp-content\\\/uploads\\\/2025\\\/03\\\/SEOSILO1741881521.jpg\",\"width\":2400,\"height\":1254},{\"@type\":\"BreadcrumbList\",\"@id\":\"https:\\\/\\\/www.silocompany.com\\\/en\\\/contact\\\/#breadcrumb\",\"itemListElement\":[{\"@type\":\"ListItem\",\"position\":1,\"name\":\"Home\",\"item\":\"https:\\\/\\\/www.silocompany.com\\\/en\\\/\"},{\"@type\":\"ListItem\",\"position\":2,\"name\":\"Contact\"}]},{\"@type\":\"WebSite\",\"@id\":\"https:\\\/\\\/www.silocompany.com\\\/#website\",\"url\":\"https:\\\/\\\/www.silocompany.com\\\/\",\"name\":\"Silo Company\",\"description\":\"Firma especializada en colaboraci\u00f3n p\u00fablico-privada para la innovaci\u00f3n\",\"publisher\":{\"@id\":\"https:\\\/\\\/www.silocompany.com\\\/#organization\"},\"alternateName\":\"Science & Innovation Link\",\"potentialAction\":[{\"@type\":\"SearchAction\",\"target\":{\"@type\":\"EntryPoint\",\"urlTemplate\":\"https:\\\/\\\/www.silocompany.com\\\/?s={search_term_string}\"},\"query-input\":{\"@type\":\"PropertyValueSpecification\",\"valueRequired\":true,\"valueName\":\"search_term_string\"}}],\"inLanguage\":\"en-US\"},{\"@type\":\"Organization\",\"@id\":\"https:\\\/\\\/www.silocompany.com\\\/#organization\",\"name\":\"Silo Company\",\"alternateName\":\"Science & Innovation Link\",\"url\":\"https:\\\/\\\/www.silocompany.com\\\/\",\"logo\":{\"@type\":\"ImageObject\",\"inLanguage\":\"en-US\",\"@id\":\"https:\\\/\\\/www.silocompany.com\\\/#\\\/schema\\\/logo\\\/image\\\/\",\"url\":\"https:\\\/\\\/www.silocompany.com\\\/wp-content\\\/uploads\\\/2025\\\/01\\\/silo-logo.webp\",\"contentUrl\":\"https:\\\/\\\/www.silocompany.com\\\/wp-content\\\/uploads\\\/2025\\\/01\\\/silo-logo.webp\",\"width\":198,\"height\":98,\"caption\":\"Silo Company\"},\"image\":{\"@id\":\"https:\\\/\\\/www.silocompany.com\\\/#\\\/schema\\\/logo\\\/image\\\/\"},\"sameAs\":[\"https:\\\/\\\/www.linkedin.com\\\/company\\\/scienceinnovationlinkoffice\\\/\"]}]}<\/script>\n<!-- \/ Yoast SEO plugin. -->","yoast_head_json":{"title":"Contact | Silo Company","description":"A firm specialising in public-private partnerships to innovate and transform organisations. Discover our contact!","robots":{"index":"index","follow":"follow","max-snippet":"max-snippet:-1","max-image-preview":"max-image-preview:large","max-video-preview":"max-video-preview:-1"},"canonical":"https:\/\/www.silocompany.com\/en\/contact\/","og_locale":"en_US","og_type":"article","og_title":"Contact","og_description":"A firm specialising in public-private partnerships to innovate and transform organisations. Discover our contact!","og_url":"https:\/\/www.silocompany.com\/en\/contact\/","og_site_name":"Silo Company","article_modified_time":"2025-03-13T16:48:49+00:00","og_image":[{"width":2400,"height":1254,"url":"https:\/\/www.silocompany.com\/wp-content\/uploads\/2025\/03\/SEOSILO1741881521.jpg","type":"image\/jpeg"}],"twitter_card":"summary_large_image","twitter_title":"Contact","twitter_description":"A firm specialising in public-private partnerships to innovate and transform organisations. Discover our contact!","twitter_image":"https:\/\/www.silocompany.com\/wp-content\/uploads\/2025\/03\/SEOSILO1741881521.jpg","twitter_misc":{"Est. reading time":"1 minute"},"schema":{"@context":"https:\/\/schema.org","@graph":[{"@type":"WebPage","@id":"https:\/\/www.silocompany.com\/en\/contact\/","url":"https:\/\/www.silocompany.com\/en\/contact\/","name":"Contact | Silo Company","isPartOf":{"@id":"https:\/\/www.silocompany.com\/#website"},"primaryImageOfPage":{"@id":"https:\/\/www.silocompany.com\/en\/contact\/#primaryimage"},"image":{"@id":"https:\/\/www.silocompany.com\/en\/contact\/#primaryimage"},"thumbnailUrl":"https:\/\/www.silocompany.com\/wp-content\/uploads\/2025\/03\/SEOSILO1741881521.jpg","datePublished":"2025-01-30T15:43:10+00:00","dateModified":"2025-03-13T16:48:49+00:00","description":"A firm specialising in public-private partnerships to innovate and transform organisations. Discover our contact!","breadcrumb":{"@id":"https:\/\/www.silocompany.com\/en\/contact\/#breadcrumb"},"inLanguage":"en-US","potentialAction":[{"@type":"ReadAction","target":["https:\/\/www.silocompany.com\/en\/contact\/"]}]},{"@type":"ImageObject","inLanguage":"en-US","@id":"https:\/\/www.silocompany.com\/en\/contact\/#primaryimage","url":"https:\/\/www.silocompany.com\/wp-content\/uploads\/2025\/03\/SEOSILO1741881521.jpg","contentUrl":"https:\/\/www.silocompany.com\/wp-content\/uploads\/2025\/03\/SEOSILO1741881521.jpg","width":2400,"height":1254},{"@type":"BreadcrumbList","@id":"https:\/\/www.silocompany.com\/en\/contact\/#breadcrumb","itemListElement":[{"@type":"ListItem","position":1,"name":"Home","item":"https:\/\/www.silocompany.com\/en\/"},{"@type":"ListItem","position":2,"name":"Contact"}]},{"@type":"WebSite","@id":"https:\/\/www.silocompany.com\/#website","url":"https:\/\/www.silocompany.com\/","name":"Silo Company","description":"Firma especializada en colaboraci\u00f3n p\u00fablico-privada para la innovaci\u00f3n","publisher":{"@id":"https:\/\/www.silocompany.com\/#organization"},"alternateName":"Science & Innovation Link","potentialAction":[{"@type":"SearchAction","target":{"@type":"EntryPoint","urlTemplate":"https:\/\/www.silocompany.com\/?s={search_term_string}"},"query-input":{"@type":"PropertyValueSpecification","valueRequired":true,"valueName":"search_term_string"}}],"inLanguage":"en-US"},{"@type":"Organization","@id":"https:\/\/www.silocompany.com\/#organization","name":"Silo Company","alternateName":"Science & Innovation Link","url":"https:\/\/www.silocompany.com\/","logo":{"@type":"ImageObject","inLanguage":"en-US","@id":"https:\/\/www.silocompany.com\/#\/schema\/logo\/image\/","url":"https:\/\/www.silocompany.com\/wp-content\/uploads\/2025\/01\/silo-logo.webp","contentUrl":"https:\/\/www.silocompany.com\/wp-content\/uploads\/2025\/01\/silo-logo.webp","width":198,"height":98,"caption":"Silo Company"},"image":{"@id":"https:\/\/www.silocompany.com\/#\/schema\/logo\/image\/"},"sameAs":["https:\/\/www.linkedin.com\/company\/scienceinnovationlinkoffice\/"]}]}},"_links":{"self":[{"href":"https:\/\/www.silocompany.com\/en\/wp-json\/wp\/v2\/pages\/1657","targetHints":{"allow":["GET"]}}],"collection":[{"href":"https:\/\/www.silocompany.com\/en\/wp-json\/wp\/v2\/pages"}],"about":[{"href":"https:\/\/www.silocompany.com\/en\/wp-json\/wp\/v2\/types\/page"}],"author":[{"embeddable":true,"href":"https:\/\/www.silocompany.com\/en\/wp-json\/wp\/v2\/users\/1"}],"replies":[{"embeddable":true,"href":"https:\/\/www.silocompany.com\/en\/wp-json\/wp\/v2\/comments?post=1657"}],"version-history":[{"count":11,"href":"https:\/\/www.silocompany.com\/en\/wp-json\/wp\/v2\/pages\/1657\/revisions"}],"predecessor-version":[{"id":2623,"href":"https:\/\/www.silocompany.com\/en\/wp-json\/wp\/v2\/pages\/1657\/revisions\/2623"}],"wp:featuredmedia":[{"embeddable":true,"href":"https:\/\/www.silocompany.com\/en\/wp-json\/wp\/v2\/media\/2613"}],"wp:attachment":[{"href":"https:\/\/www.silocompany.com\/en\/wp-json\/wp\/v2\/media?parent=1657"}],"curies":[{"name":"wp","href":"https:\/\/api.w.org\/{rel}","templated":true}]}}